{"id":12,"date":"2020-03-03T13:48:28","date_gmt":"2020-03-03T13:48:28","guid":{"rendered":"https:\/\/themes.muffingroup.com\/be\/massage2\/?page_id=12"},"modified":"2025-09-05T14:24:07","modified_gmt":"2025-09-05T18:24:07","slug":"contact","status":"publish","type":"page","link":"https:\/\/www.lasuite100love.com\/en\/contact\/","title":{"rendered":"Contact"},"content":{"rendered":"\t\t<div data-elementor-type=\"wp-page\" data-elementor-id=\"12\" class=\"elementor elementor-12\" data-elementor-post-type=\"page\">\n\t\t\t\t\t\t<section class=\"elementor-section elementor-top-section elementor-element elementor-element-ec92fbe elementor-section-stretched animated-slow elementor-section-boxed elementor-section-height-default elementor-section-height-default elementor-invisible\" data-id=\"ec92fbe\" data-element_type=\"section\" data-e-type=\"section\" data-settings=\"{&quot;stretch_section&quot;:&quot;section-stretched&quot;,&quot;background_background&quot;:&quot;classic&quot;,&quot;animation&quot;:&quot;fadeIn&quot;}\">\n\t\t\t\t\t\t<div class=\"elementor-container elementor-column-gap-wider\">\n\t\t\t\t\t<div class=\"elementor-column elementor-col-50 elementor-top-column elementor-element elementor-element-491b0fc\" data-id=\"491b0fc\" data-element_type=\"column\" data-e-type=\"column\">\n\t\t\t<div class=\"elementor-widget-wrap elementor-element-populated\">\n\t\t\t\t\t\t<section class=\"elementor-section elementor-inner-section elementor-element elementor-element-e08d4e8 elementor-section-boxed elementor-section-height-default elementor-section-height-default\" data-id=\"e08d4e8\" data-element_type=\"section\" data-e-type=\"section\">\n\t\t\t\t\t\t<div class=\"elementor-container elementor-column-gap-default\">\n\t\t\t\t\t<div class=\"elementor-column elementor-col-100 elementor-inner-column elementor-element elementor-element-ec3be48\" data-id=\"ec3be48\" data-element_type=\"column\" data-e-type=\"column\">\n\t\t\t<div class=\"elementor-widget-wrap elementor-element-populated\">\n\t\t\t\t\t\t<div class=\"elementor-element elementor-element-f00591f elementor-widget elementor-widget-image\" data-id=\"f00591f\" data-element_type=\"widget\" data-e-type=\"widget\" data-widget_type=\"image.default\">\n\t\t\t\t<div class=\"elementor-widget-container\">\n\t\t\t\t\t\t\t\t\t\t\t\t\t\t\t<img decoding=\"async\" width=\"85\" height=\"85\" src=\"https:\/\/www.lasuite100love.com\/wp-content\/uploads\/2025\/02\/logo-medium-85x85.jpg\" class=\"attachment-testimonials size-testimonials wp-image-1123\" alt=\"\" srcset=\"https:\/\/www.lasuite100love.com\/wp-content\/uploads\/2025\/02\/logo-medium-85x85.jpg 85w, https:\/\/www.lasuite100love.com\/wp-content\/uploads\/2025\/02\/logo-medium-80x80.jpg 80w\" sizes=\"(max-width: 85px) 100vw, 85px\" \/>\t\t\t\t\t\t\t\t\t\t\t\t\t\t\t<\/div>\n\t\t\t\t<\/div>\n\t\t\t\t<div class=\"elementor-element elementor-element-dc87d18 elementor-widget elementor-widget-text-editor\" data-id=\"dc87d18\" data-element_type=\"widget\" data-e-type=\"widget\" data-widget_type=\"text-editor.default\">\n\t\t\t\t<div class=\"elementor-widget-container\">\n\t\t\t\t\t\t\t\t\t<h6><span style=\"color: #ccb7a2;\">FORMULAIRE DE CONTACT<\/span><\/h6>\t\t\t\t\t\t\t\t<\/div>\n\t\t\t\t<\/div>\n\t\t\t\t<div class=\"elementor-element elementor-element-546e78f elementor-widget elementor-widget-text-editor\" data-id=\"546e78f\" data-element_type=\"widget\" data-e-type=\"widget\" data-widget_type=\"text-editor.default\">\n\t\t\t\t<div class=\"elementor-widget-container\">\n\t\t\t\t\t\t\t\t\t<h3>Envoyez un message<\/h3>\t\t\t\t\t\t\t\t<\/div>\n\t\t\t\t<\/div>\n\t\t\t\t<div class=\"elementor-element elementor-element-915d257 elementor-widget elementor-widget-wpforms\" data-id=\"915d257\" data-element_type=\"widget\" data-e-type=\"widget\" data-widget_type=\"wpforms.default\">\n\t\t\t\t<div class=\"elementor-widget-container\">\n\t\t\t\t\t<div class=\"wpforms-container wpforms-container-full\" id=\"wpforms-80\"><form id=\"wpforms-form-80\" class=\"wpforms-validate wpforms-form wpforms-ajax-form\" data-formid=\"80\" method=\"post\" enctype=\"multipart\/form-data\" action=\"\/en\/wp-json\/wp\/v2\/pages\/12\" data-token=\"5c3aa3997dadc2dd91e20cec0290d7a3\"><noscript class=\"wpforms-error-noscript\">Please enable JavaScript in your browser to complete this form.<\/noscript><div class=\"wpforms-field-container\"><div id=\"wpforms-80-field_1-container\" class=\"wpforms-field wpforms-field-text\" data-field-id=\"1\"><label class=\"wpforms-field-label\" for=\"wpforms-80-field_1\">Votre pr\u00e9nom et nom de famille<\/label><input type=\"text\" id=\"wpforms-80-field_1\" class=\"wpforms-field-large\" name=\"wpforms[fields][1]\" ><\/div><div id=\"wpforms-80-field_2-container\" class=\"wpforms-field wpforms-field-email\" data-field-id=\"2\"><label class=\"wpforms-field-label\" for=\"wpforms-80-field_2\">Email <span class=\"wpforms-required-label\">*<\/span><\/label><input type=\"email\" id=\"wpforms-80-field_2\" class=\"wpforms-field-large wpforms-field-required\" name=\"wpforms[fields][2]\" required><\/div><div id=\"wpforms-80-field_3-container\" class=\"wpforms-field wpforms-field-phone\" data-field-id=\"3\"><label class=\"wpforms-field-label\" for=\"wpforms-80-field_3\">T\u00e9l\u00e9phone<\/label><input type=\"tel\" id=\"wpforms-80-field_3\" class=\"wpforms-field-large\" data-rule-int-phone-field=\"true\" name=\"wpforms[fields][3]\" ><\/div><div id=\"wpforms-80-field_7-container\" class=\"wpforms-field wpforms-field-text\" data-field-id=\"7\"><label class=\"wpforms-field-label\" for=\"wpforms-80-field_7\">Site web<\/label><input type=\"text\" id=\"wpforms-80-field_7\" class=\"wpforms-field-large\" name=\"wpforms[fields][7]\" ><\/div><div id=\"wpforms-80-field_5-container\" class=\"wpforms-field wpforms-field-textarea\" data-field-id=\"5\"><label class=\"wpforms-field-label\" for=\"wpforms-80-field_5\">Commentaires \/ Pr\u00e9cisions \/ Questions...<\/label><textarea id=\"wpforms-80-field_5\" class=\"wpforms-field-large\" name=\"wpforms[fields][5]\" ><\/textarea><\/div><\/div><div class=\"wpforms-submit-container\"><input type=\"hidden\" name=\"wpforms[id]\" value=\"80\"><input type=\"hidden\" name=\"wpforms[author]\" value=\"1\"><button type=\"submit\" name=\"wpforms[submit]\" id=\"wpforms-submit-80\" class=\"wpforms-submit\" data-alt-text=\"En cours d&#039;envoi...\" data-submit-text=\"Envoyer\" aria-live=\"assertive\" value=\"wpforms-submit\">Envoyer<\/button><img decoding=\"async\" src=\"https:\/\/www.lasuite100love.com\/wp-content\/plugins\/wpforms\/assets\/images\/submit-spin.svg\" class=\"wpforms-submit-spinner\" style=\"display: none;\" width=\"26\" height=\"26\" alt=\"\"><\/div><input type=\"hidden\" id=\"ct_checkjs_wpforms_1905aedab9bf2477edc068a355bba31a\" name=\"ct_checkjs_wpforms\" value=\"0\" \/><script>setTimeout(function(){var ct_input_name = \"ct_checkjs_wpforms_1905aedab9bf2477edc068a355bba31a\";if (document.getElementById(ct_input_name) !== null) {var ct_input_value = document.getElementById(ct_input_name).value;document.getElementById(ct_input_name).value = document.getElementById(ct_input_name).value.replace(ct_input_value, '67009288045ab8789cafc8a3e7dbc1ab12a63df21b28c55a2c6088df7bb2d1ea');}}, 1000);<\/script><input\n                    class=\"apbct_special_field apbct_email_id__wp_wpforms\"\n                    name=\"apbct__email_id__wp_wpforms\"\n                    aria-label=\"apbct__label_id__wp_wpforms\"\n                    type=\"text\" size=\"30\" maxlength=\"200\" autocomplete=\"off\"\n                    value=\"\"\n                \/><\/form><\/div>  <!-- .wpforms-container -->\t\t\t\t<\/div>\n\t\t\t\t<\/div>\n\t\t\t\t\t<\/div>\n\t\t<\/div>\n\t\t\t\t\t<\/div>\n\t\t<\/section>\n\t\t\t\t\t<\/div>\n\t\t<\/div>\n\t\t\t\t<div class=\"elementor-column elementor-col-50 elementor-top-column elementor-element elementor-element-1ff5d67\" data-id=\"1ff5d67\" data-element_type=\"column\" data-e-type=\"column\">\n\t\t\t<div class=\"elementor-widget-wrap elementor-element-populated\">\n\t\t\t\t\t\t<section class=\"elementor-section elementor-inner-section elementor-element elementor-element-848250f elementor-section-boxed elementor-section-height-default elementor-section-height-default\" data-id=\"848250f\" data-element_type=\"section\" data-e-type=\"section\">\n\t\t\t\t\t\t<div class=\"elementor-container elementor-column-gap-default\">\n\t\t\t\t\t<div class=\"elementor-column elementor-col-100 elementor-inner-column elementor-element elementor-element-248a0b8\" data-id=\"248a0b8\" data-element_type=\"column\" data-e-type=\"column\">\n\t\t\t<div class=\"elementor-widget-wrap elementor-element-populated\">\n\t\t\t\t\t\t<div class=\"elementor-element elementor-element-1b3e3b3 elementor-widget elementor-widget-image\" data-id=\"1b3e3b3\" data-element_type=\"widget\" data-e-type=\"widget\" data-widget_type=\"image.default\">\n\t\t\t\t<div class=\"elementor-widget-container\">\n\t\t\t\t\t\t\t\t\t\t\t\t\t\t\t<img decoding=\"async\" width=\"85\" height=\"85\" src=\"https:\/\/www.lasuite100love.com\/wp-content\/uploads\/2025\/02\/logo-medium-85x85.jpg\" class=\"attachment-testimonials size-testimonials wp-image-1123\" alt=\"\" srcset=\"https:\/\/www.lasuite100love.com\/wp-content\/uploads\/2025\/02\/logo-medium-85x85.jpg 85w, https:\/\/www.lasuite100love.com\/wp-content\/uploads\/2025\/02\/logo-medium-80x80.jpg 80w\" sizes=\"(max-width: 85px) 100vw, 85px\" \/>\t\t\t\t\t\t\t\t\t\t\t\t\t\t\t<\/div>\n\t\t\t\t<\/div>\n\t\t\t\t<div class=\"elementor-element elementor-element-b860e05 elementor-widget elementor-widget-text-editor\" data-id=\"b860e05\" data-element_type=\"widget\" data-e-type=\"widget\" data-widget_type=\"text-editor.default\">\n\t\t\t\t<div class=\"elementor-widget-container\">\n\t\t\t\t\t\t\t\t\t<h6><span style=\"color: #ccb7a2;\">ME JOINDRE<br \/><\/span><\/h6>\t\t\t\t\t\t\t\t<\/div>\n\t\t\t\t<\/div>\n\t\t\t\t<div class=\"elementor-element elementor-element-f00f277 elementor-widget elementor-widget-text-editor\" data-id=\"f00f277\" data-element_type=\"widget\" data-e-type=\"widget\" data-widget_type=\"text-editor.default\">\n\t\t\t\t<div class=\"elementor-widget-container\">\n\t\t\t\t\t\t\t\t\t<h3>Mes coordonn\u00e9es<\/h3>\t\t\t\t\t\t\t\t<\/div>\n\t\t\t\t<\/div>\n\t\t\t\t<div class=\"elementor-element elementor-element-124b34e elementor-widget elementor-widget-text-editor\" data-id=\"124b34e\" data-element_type=\"widget\" data-e-type=\"widget\" data-widget_type=\"text-editor.default\">\n\t\t\t\t<div class=\"elementor-widget-container\">\n\t\t\t\t\t\t\t\t\t<h4 class=\"themecolor\">T\u00e9l\u00e9phone<\/h4>\n<a href=\"tel:+18195715117\">(819) 571-5117<\/a>\t\t\t\t\t\t\t\t<\/div>\n\t\t\t\t<\/div>\n\t\t\t\t\t<\/div>\n\t\t<\/div>\n\t\t\t\t\t<\/div>\n\t\t<\/section>\n\t\t\t\t<div class=\"elementor-element elementor-element-182ed81 elementor-widget elementor-widget-text-editor\" data-id=\"182ed81\" data-element_type=\"widget\" data-e-type=\"widget\" data-widget_type=\"text-editor.default\">\n\t\t\t\t<div class=\"elementor-widget-container\">\n\t\t\t\t\t\t\t\t\t<h4 class=\"themecolor\">E-mail<\/h4>\n<a href=\"mailto:er********@***il.com\" data-original-string=\"d15e7oCx26u\/rcqisZgjCA==16fPJ3SpTNmo0jOzqDnlxqJEiKgg5ti4x5Qeo9M8ei0xzg=\" title=\"This contact has been encoded by Anti-Spam by CleanTalk. Click to decode. To finish the decoding make sure that JavaScript is enabled in your browser.\"><span \n                data-original-string='DZsRWDNEb9IbKSi4oLklFA==16fCJPD50HzdTIkWve5VrSvINt1gxQQ\/BLCMDWS9jtR1MU='\n                class='apbct-email-encoder'\n                title='This contact has been encoded by Anti-Spam by CleanTalk. Click to decode. To finish the decoding make sure that JavaScript is enabled in your browser.'>er<span class=\"apbct-blur\">********<\/span>@<span class=\"apbct-blur\">***<\/span>il.com<\/span><\/a>\t\t\t\t\t\t\t\t<\/div>\n\t\t\t\t<\/div>\n\t\t\t\t<div class=\"elementor-element elementor-element-e008a6e elementor-widget elementor-widget-text-editor\" data-id=\"e008a6e\" data-element_type=\"widget\" data-e-type=\"widget\" data-widget_type=\"text-editor.default\">\n\t\t\t\t<div class=\"elementor-widget-container\">\n\t\t\t\t\t\t\t\t\t<h4 class=\"themecolor\">Adresse<\/h4><div><div><div class=\"vk_sh vk_bk\"><p>290, suite B, rue Principale Ouest <br \/>Magog (QC) J1X 2A9<\/p><\/div><\/div><\/div>\t\t\t\t\t\t\t\t<\/div>\n\t\t\t\t<\/div>\n\t\t\t\t<div class=\"elementor-element elementor-element-45d7426 elementor-widget elementor-widget-text-editor\" data-id=\"45d7426\" data-element_type=\"widget\" data-e-type=\"widget\" data-widget_type=\"text-editor.default\">\n\t\t\t\t<div class=\"elementor-widget-container\">\n\t\t\t\t\t\t\t\t\t<iframe src=\"https:\/\/www.google.com\/maps\/embed?pb=!1m18!1m12!1m3!1d2808.124715205214!2d-72.15392402402377!3d45.26548967107145!2m3!1f0!2f0!3f0!3m2!1i1024!2i768!4f13.1!3m3!1m2!1s0x4cb637f3ada35271%3A0x360a34418975be97!2s290%20Rue%20Principale%20O%2C%20Magog%2C%20QC%20J1X%202A9!5e0!3m2!1sen!2sca!4v1738004071013!5m2!1sen!2sca\" width=\"800\" height=\"400\" style=\"border:0;\" allowfullscreen=\"\" loading=\"lazy\" referrerpolicy=\"no-referrer-when-downgrade\"><\/iframe>\t\t\t\t\t\t\t\t<\/div>\n\t\t\t\t<\/div>\n\t\t\t\t\t<\/div>\n\t\t<\/div>\n\t\t\t\t\t<\/div>\n\t\t<\/section>\n\t\t\t\t<\/div>\n\t\t","protected":false},"excerpt":{"rendered":"<p>FORMULAIRE DE CONTACT Envoyez un message ME JOINDRE Mes coordonn\u00e9es T\u00e9l\u00e9phone (819) 571-5117 E-mail er********@***il.com Adresse 290, suite B, rue Principale Ouest Magog (QC) J1X 2A9<\/p>","protected":false},"author":1,"featured_media":1137,"parent":0,"menu_order":0,"comment_status":"closed","ping_status":"closed","template":"","meta":{"footnotes":""},"class_list":["post-12","page","type-page","status-publish","has-post-thumbnail","hentry"],"yoast_head":"<!-- This site is optimized with the Yoast SEO plugin v27.3 - https:\/\/yoast.com\/product\/yoast-seo-wordpress\/ -->\n<title>Contact - La suite 100% love<\/title>\n<meta name=\"description\" content=\"Besoin d\u2019informations sur La Suite 100 % Love \u00e0 Magog ? Contactez notre friperie \u00e9coresponsable pour toute question sur nos produits et services.\" \/>\n<meta name=\"robots\" content=\"index, follow, max-snippet:-1, max-image-preview:large, max-video-preview:-1\" \/>\n<link rel=\"canonical\" href=\"https:\/\/www.lasuite100love.com\/en\/contact\/\" \/>\n<meta property=\"og:locale\" content=\"en_US\" \/>\n<meta property=\"og:type\" content=\"article\" \/>\n<meta property=\"og:title\" content=\"Contact - La suite 100% love\" \/>\n<meta property=\"og:description\" content=\"Besoin d\u2019informations sur La Suite 100 % Love \u00e0 Magog ? Contactez notre friperie \u00e9coresponsable pour toute question sur nos produits et services.\" \/>\n<meta property=\"og:url\" content=\"https:\/\/www.lasuite100love.com\/en\/contact\/\" \/>\n<meta property=\"og:site_name\" content=\"La suite 100% love\" \/>\n<meta property=\"article:modified_time\" content=\"2025-09-05T18:24:07+00:00\" \/>\n<meta property=\"og:image\" content=\"https:\/\/www.lasuite100love.com\/wp-content\/uploads\/2025\/02\/slider.jpg\" \/>\n\t<meta property=\"og:image:width\" content=\"1440\" \/>\n\t<meta property=\"og:image:height\" content=\"810\" \/>\n\t<meta property=\"og:image:type\" content=\"image\/jpeg\" \/>\n<meta name=\"twitter:card\" content=\"summary_large_image\" \/>\n<meta name=\"twitter:label1\" content=\"Est. reading time\" \/>\n\t<meta name=\"twitter:data1\" content=\"1 minute\" \/>\n<script type=\"application\/ld+json\" class=\"yoast-schema-graph\">{\"@context\":\"https:\\\/\\\/schema.org\",\"@graph\":[{\"@type\":\"WebPage\",\"@id\":\"https:\\\/\\\/www.lasuite100love.com\\\/contact\\\/\",\"url\":\"https:\\\/\\\/www.lasuite100love.com\\\/contact\\\/\",\"name\":\"Contact - La suite 100% love\",\"isPartOf\":{\"@id\":\"https:\\\/\\\/www.lasuite100love.com\\\/#website\"},\"primaryImageOfPage\":{\"@id\":\"https:\\\/\\\/www.lasuite100love.com\\\/contact\\\/#primaryimage\"},\"image\":{\"@id\":\"https:\\\/\\\/www.lasuite100love.com\\\/contact\\\/#primaryimage\"},\"thumbnailUrl\":\"https:\\\/\\\/www.lasuite100love.com\\\/wp-content\\\/uploads\\\/2025\\\/02\\\/slider.jpg\",\"datePublished\":\"2020-03-03T13:48:28+00:00\",\"dateModified\":\"2025-09-05T18:24:07+00:00\",\"description\":\"Besoin d\u2019informations sur La Suite 100 % Love \u00e0 Magog ? Contactez notre friperie \u00e9coresponsable pour toute question sur nos produits et services.\",\"breadcrumb\":{\"@id\":\"https:\\\/\\\/www.lasuite100love.com\\\/contact\\\/#breadcrumb\"},\"inLanguage\":\"en-CA\",\"potentialAction\":[{\"@type\":\"ReadAction\",\"target\":[\"https:\\\/\\\/www.lasuite100love.com\\\/contact\\\/\"]}]},{\"@type\":\"ImageObject\",\"inLanguage\":\"en-CA\",\"@id\":\"https:\\\/\\\/www.lasuite100love.com\\\/contact\\\/#primaryimage\",\"url\":\"https:\\\/\\\/www.lasuite100love.com\\\/wp-content\\\/uploads\\\/2025\\\/02\\\/slider.jpg\",\"contentUrl\":\"https:\\\/\\\/www.lasuite100love.com\\\/wp-content\\\/uploads\\\/2025\\\/02\\\/slider.jpg\",\"width\":1440,\"height\":810},{\"@type\":\"BreadcrumbList\",\"@id\":\"https:\\\/\\\/www.lasuite100love.com\\\/contact\\\/#breadcrumb\",\"itemListElement\":[{\"@type\":\"ListItem\",\"position\":1,\"name\":\"Accueil\",\"item\":\"https:\\\/\\\/www.lasuite100love.com\\\/\"},{\"@type\":\"ListItem\",\"position\":2,\"name\":\"Contact\"}]},{\"@type\":\"WebSite\",\"@id\":\"https:\\\/\\\/www.lasuite100love.com\\\/#website\",\"url\":\"https:\\\/\\\/www.lasuite100love.com\\\/\",\"name\":\"La suite 100% love\",\"description\":\"Friperie de luxe\",\"potentialAction\":[{\"@type\":\"SearchAction\",\"target\":{\"@type\":\"EntryPoint\",\"urlTemplate\":\"https:\\\/\\\/www.lasuite100love.com\\\/?s={search_term_string}\"},\"query-input\":{\"@type\":\"PropertyValueSpecification\",\"valueRequired\":true,\"valueName\":\"search_term_string\"}}],\"inLanguage\":\"en-CA\"}]}<\/script>\n<!-- \/ Yoast SEO plugin. -->","yoast_head_json":{"title":"Contact - La suite 100% love","description":"Besoin d\u2019informations sur La Suite 100 % Love \u00e0 Magog ? Contactez notre friperie \u00e9coresponsable pour toute question sur nos produits et services.","robots":{"index":"index","follow":"follow","max-snippet":"max-snippet:-1","max-image-preview":"max-image-preview:large","max-video-preview":"max-video-preview:-1"},"canonical":"https:\/\/www.lasuite100love.com\/en\/contact\/","og_locale":"en_US","og_type":"article","og_title":"Contact - La suite 100% love","og_description":"Besoin d\u2019informations sur La Suite 100 % Love \u00e0 Magog ? Contactez notre friperie \u00e9coresponsable pour toute question sur nos produits et services.","og_url":"https:\/\/www.lasuite100love.com\/en\/contact\/","og_site_name":"La suite 100% love","article_modified_time":"2025-09-05T18:24:07+00:00","og_image":[{"width":1440,"height":810,"url":"https:\/\/www.lasuite100love.com\/wp-content\/uploads\/2025\/02\/slider.jpg","type":"image\/jpeg"}],"twitter_card":"summary_large_image","twitter_misc":{"Est. reading time":"1 minute"},"schema":{"@context":"https:\/\/schema.org","@graph":[{"@type":"WebPage","@id":"https:\/\/www.lasuite100love.com\/contact\/","url":"https:\/\/www.lasuite100love.com\/contact\/","name":"Contact - La suite 100% love","isPartOf":{"@id":"https:\/\/www.lasuite100love.com\/#website"},"primaryImageOfPage":{"@id":"https:\/\/www.lasuite100love.com\/contact\/#primaryimage"},"image":{"@id":"https:\/\/www.lasuite100love.com\/contact\/#primaryimage"},"thumbnailUrl":"https:\/\/www.lasuite100love.com\/wp-content\/uploads\/2025\/02\/slider.jpg","datePublished":"2020-03-03T13:48:28+00:00","dateModified":"2025-09-05T18:24:07+00:00","description":"Besoin d\u2019informations sur La Suite 100 % Love \u00e0 Magog ? Contactez notre friperie \u00e9coresponsable pour toute question sur nos produits et services.","breadcrumb":{"@id":"https:\/\/www.lasuite100love.com\/contact\/#breadcrumb"},"inLanguage":"en-CA","potentialAction":[{"@type":"ReadAction","target":["https:\/\/www.lasuite100love.com\/contact\/"]}]},{"@type":"ImageObject","inLanguage":"en-CA","@id":"https:\/\/www.lasuite100love.com\/contact\/#primaryimage","url":"https:\/\/www.lasuite100love.com\/wp-content\/uploads\/2025\/02\/slider.jpg","contentUrl":"https:\/\/www.lasuite100love.com\/wp-content\/uploads\/2025\/02\/slider.jpg","width":1440,"height":810},{"@type":"BreadcrumbList","@id":"https:\/\/www.lasuite100love.com\/contact\/#breadcrumb","itemListElement":[{"@type":"ListItem","position":1,"name":"Accueil","item":"https:\/\/www.lasuite100love.com\/"},{"@type":"ListItem","position":2,"name":"Contact"}]},{"@type":"WebSite","@id":"https:\/\/www.lasuite100love.com\/#website","url":"https:\/\/www.lasuite100love.com\/","name":"La suite 100% love","description":"Luxury thrift store","potentialAction":[{"@type":"SearchAction","target":{"@type":"EntryPoint","urlTemplate":"https:\/\/www.lasuite100love.com\/?s={search_term_string}"},"query-input":{"@type":"PropertyValueSpecification","valueRequired":true,"valueName":"search_term_string"}}],"inLanguage":"en-CA"}]}},"_links":{"self":[{"href":"https:\/\/www.lasuite100love.com\/en\/wp-json\/wp\/v2\/pages\/12","targetHints":{"allow":["GET"]}}],"collection":[{"href":"https:\/\/www.lasuite100love.com\/en\/wp-json\/wp\/v2\/pages"}],"about":[{"href":"https:\/\/www.lasuite100love.com\/en\/wp-json\/wp\/v2\/types\/page"}],"author":[{"embeddable":true,"href":"https:\/\/www.lasuite100love.com\/en\/wp-json\/wp\/v2\/users\/1"}],"replies":[{"embeddable":true,"href":"https:\/\/www.lasuite100love.com\/en\/wp-json\/wp\/v2\/comments?post=12"}],"version-history":[{"count":75,"href":"https:\/\/www.lasuite100love.com\/en\/wp-json\/wp\/v2\/pages\/12\/revisions"}],"predecessor-version":[{"id":1461,"href":"https:\/\/www.lasuite100love.com\/en\/wp-json\/wp\/v2\/pages\/12\/revisions\/1461"}],"wp:featuredmedia":[{"embeddable":true,"href":"https:\/\/www.lasuite100love.com\/en\/wp-json\/wp\/v2\/media\/1137"}],"wp:attachment":[{"href":"https:\/\/www.lasuite100love.com\/en\/wp-json\/wp\/v2\/media?parent=12"}],"curies":[{"name":"wp","href":"https:\/\/api.w.org\/{rel}","templated":true}]}}