{"id":1338,"date":"2025-02-20T08:17:17","date_gmt":"2025-02-20T13:17:17","guid":{"rendered":"https:\/\/www.lasuite100love.com\/?page_id=1338"},"modified":"2025-09-05T14:22:53","modified_gmt":"2025-09-05T18:22:53","slug":"concours","status":"publish","type":"page","link":"https:\/\/www.lasuite100love.com\/en\/concours\/","title":{"rendered":"Contests"},"content":{"rendered":"<div data-elementor-type=\"wp-page\" data-elementor-id=\"1338\" class=\"elementor elementor-1338\" data-elementor-post-type=\"page\">\n\t\t\t\t<div class=\"elementor-element elementor-element-0bdfb58 e-flex e-con-boxed e-con e-parent\" data-id=\"0bdfb58\" data-element_type=\"container\" data-e-type=\"container\">\n\t\t\t\t\t<div class=\"e-con-inner\">\n\t\t\t\t<div class=\"elementor-element elementor-element-fb8a9ff elementor-widget elementor-widget-text-editor\" data-id=\"fb8a9ff\" data-element_type=\"widget\" data-e-type=\"widget\" data-widget_type=\"text-editor.default\">\n\t\t\t\t<div class=\"elementor-widget-container\">\n\t\t\t\t\t\t\t\t\t<h2>Concours B-Kind<\/h2>\t\t\t\t\t\t\t\t<\/div>\n\t\t\t\t<\/div>\n\t\t\t\t\t<\/div>\n\t\t\t\t<\/div>\n\t\t<div class=\"elementor-element elementor-element-83d40e5 e-flex e-con-boxed e-con e-parent\" data-id=\"83d40e5\" data-element_type=\"container\" data-e-type=\"container\">\n\t\t\t\t\t<div class=\"e-con-inner\">\n\t\t<div class=\"elementor-element elementor-element-9eef48d e-con-full e-flex e-con e-child\" data-id=\"9eef48d\" data-element_type=\"container\" data-e-type=\"container\">\n\t\t\t\t<\/div>\n\t\t<div class=\"elementor-element elementor-element-25c0be5 e-con-full e-flex e-con e-child\" data-id=\"25c0be5\" data-element_type=\"container\" data-e-type=\"container\">\n\t\t\t\t<div class=\"elementor-element elementor-element-bf1d92a elementor-widget elementor-widget-image\" data-id=\"bf1d92a\" data-element_type=\"widget\" data-e-type=\"widget\" data-widget_type=\"image.default\">\n\t\t\t\t<div class=\"elementor-widget-container\">\n\t\t\t\t\t\t\t\t\t\t\t\t\t\t\t<img fetchpriority=\"high\" decoding=\"async\" width=\"768\" height=\"1024\" src=\"https:\/\/www.lasuite100love.com\/wp-content\/uploads\/2025\/02\/476968518_1135960407819781_1201779680176057242_n-768x1024.jpg\" class=\"attachment-large size-large wp-image-1394\" alt=\"\" srcset=\"https:\/\/www.lasuite100love.com\/wp-content\/uploads\/2025\/02\/476968518_1135960407819781_1201779680176057242_n-768x1024.jpg 768w, https:\/\/www.lasuite100love.com\/wp-content\/uploads\/2025\/02\/476968518_1135960407819781_1201779680176057242_n-225x300.jpg 225w, https:\/\/www.lasuite100love.com\/wp-content\/uploads\/2025\/02\/476968518_1135960407819781_1201779680176057242_n-1152x1536.jpg 1152w, https:\/\/www.lasuite100love.com\/wp-content\/uploads\/2025\/02\/476968518_1135960407819781_1201779680176057242_n-1536x2048.jpg 1536w, https:\/\/www.lasuite100love.com\/wp-content\/uploads\/2025\/02\/476968518_1135960407819781_1201779680176057242_n-9x12.jpg 9w, https:\/\/www.lasuite100love.com\/wp-content\/uploads\/2025\/02\/476968518_1135960407819781_1201779680176057242_n-110x146.jpg 110w, https:\/\/www.lasuite100love.com\/wp-content\/uploads\/2025\/02\/476968518_1135960407819781_1201779680176057242_n-38x50.jpg 38w, https:\/\/www.lasuite100love.com\/wp-content\/uploads\/2025\/02\/476968518_1135960407819781_1201779680176057242_n-56x75.jpg 56w, https:\/\/www.lasuite100love.com\/wp-content\/uploads\/2025\/02\/476968518_1135960407819781_1201779680176057242_n-scaled.jpg 1920w\" sizes=\"(max-width: 768px) 100vw, 768px\" \/>\t\t\t\t\t\t\t\t\t\t\t\t\t\t\t<\/div>\n\t\t\t\t<\/div>\n\t\t\t\t<\/div>\n\t\t<div class=\"elementor-element elementor-element-53631ae e-con-full e-flex e-con e-child\" data-id=\"53631ae\" data-element_type=\"container\" data-e-type=\"container\">\n\t\t\t\t<\/div>\n\t\t\t\t\t<\/div>\n\t\t\t\t<\/div>\n\t\t<div class=\"elementor-element elementor-element-e04697f e-flex e-con-boxed e-con e-parent\" data-id=\"e04697f\" data-element_type=\"container\" data-e-type=\"container\">\n\t\t\t\t\t<div class=\"e-con-inner\">\n\t\t\t\t<div class=\"elementor-element elementor-element-6774fd8 elementor-widget elementor-widget-text-editor\" data-id=\"6774fd8\" data-element_type=\"widget\" data-e-type=\"widget\" data-widget_type=\"text-editor.default\">\n\t\t\t\t<div class=\"elementor-widget-container\">\n\t\t\t\t\t\t\t\t\t<h2>Contest 2025<\/h2>\t\t\t\t\t\t\t\t<\/div>\n\t\t\t\t<\/div>\n\t\t\t\t\t<\/div>\n\t\t\t\t<\/div>\n\t\t<div class=\"elementor-element elementor-element-691f8d3 e-flex e-con-boxed e-con e-parent\" data-id=\"691f8d3\" data-element_type=\"container\" data-e-type=\"container\">\n\t\t\t\t\t<div class=\"e-con-inner\">\n\t\t<div class=\"elementor-element elementor-element-01fe727 e-con-full e-flex e-con e-child\" data-id=\"01fe727\" data-element_type=\"container\" data-e-type=\"container\">\n\t\t\t\t<\/div>\n\t\t<div class=\"elementor-element elementor-element-169364e e-con-full e-flex e-con e-child\" data-id=\"169364e\" data-element_type=\"container\" data-e-type=\"container\">\n\t\t\t\t<div class=\"elementor-element elementor-element-541504a elementor-widget elementor-widget-image\" data-id=\"541504a\" data-element_type=\"widget\" data-e-type=\"widget\" data-widget_type=\"image.default\">\n\t\t\t\t<div class=\"elementor-widget-container\">\n\t\t\t\t\t\t\t\t\t\t\t\t\t\t\t<img decoding=\"async\" width=\"743\" height=\"1024\" src=\"https:\/\/www.lasuite100love.com\/wp-content\/uploads\/2025\/02\/479919323_655472730470823_564558449272566074_n-1-743x1024.jpg\" class=\"attachment-large size-large wp-image-1311\" alt=\"\" srcset=\"https:\/\/www.lasuite100love.com\/wp-content\/uploads\/2025\/02\/479919323_655472730470823_564558449272566074_n-1-743x1024.jpg 743w, https:\/\/www.lasuite100love.com\/wp-content\/uploads\/2025\/02\/479919323_655472730470823_564558449272566074_n-1-218x300.jpg 218w, https:\/\/www.lasuite100love.com\/wp-content\/uploads\/2025\/02\/479919323_655472730470823_564558449272566074_n-1-768x1058.jpg 768w, https:\/\/www.lasuite100love.com\/wp-content\/uploads\/2025\/02\/479919323_655472730470823_564558449272566074_n-1-106x146.jpg 106w, https:\/\/www.lasuite100love.com\/wp-content\/uploads\/2025\/02\/479919323_655472730470823_564558449272566074_n-1-36x50.jpg 36w, https:\/\/www.lasuite100love.com\/wp-content\/uploads\/2025\/02\/479919323_655472730470823_564558449272566074_n-1-54x75.jpg 54w, https:\/\/www.lasuite100love.com\/wp-content\/uploads\/2025\/02\/479919323_655472730470823_564558449272566074_n-1.jpg 828w\" sizes=\"(max-width: 743px) 100vw, 743px\" \/>\t\t\t\t\t\t\t\t\t\t\t\t\t\t\t<\/div>\n\t\t\t\t<\/div>\n\t\t\t\t<\/div>\n\t\t<div class=\"elementor-element elementor-element-c2c8e4d e-con-full e-flex e-con e-child\" data-id=\"c2c8e4d\" data-element_type=\"container\" data-e-type=\"container\">\n\t\t\t\t<\/div>\n\t\t\t\t\t<\/div>\n\t\t\t\t<\/div>\n\t\t<div class=\"elementor-element elementor-element-9f8bb81 e-flex e-con-boxed e-con e-parent\" data-id=\"9f8bb81\" data-element_type=\"container\" data-e-type=\"container\">\n\t\t\t\t\t<div class=\"e-con-inner\">\n\t\t\t\t<div class=\"elementor-element elementor-element-d674125 elementor-widget elementor-widget-text-editor\" data-id=\"d674125\" data-element_type=\"widget\" data-e-type=\"widget\" data-widget_type=\"text-editor.default\">\n\t\t\t\t<div class=\"elementor-widget-container\">\n\t\t\t\t\t\t\t\t\t<h2>Contest Saint-Valentin<\/h2>\t\t\t\t\t\t\t\t<\/div>\n\t\t\t\t<\/div>\n\t\t\t\t\t<\/div>\n\t\t\t\t<\/div>\n\t\t<div class=\"elementor-element elementor-element-b77ad36 e-flex e-con-boxed e-con e-parent\" data-id=\"b77ad36\" data-element_type=\"container\" data-e-type=\"container\">\n\t\t\t\t\t<div class=\"e-con-inner\">\n\t\t<div class=\"elementor-element elementor-element-f25d844 e-con-full e-flex e-con e-child\" data-id=\"f25d844\" data-element_type=\"container\" data-e-type=\"container\">\n\t\t\t\t<\/div>\n\t\t<div class=\"elementor-element elementor-element-81e1754 e-con-full e-flex e-con e-child\" data-id=\"81e1754\" data-element_type=\"container\" data-e-type=\"container\">\n\t\t\t\t<div class=\"elementor-element elementor-element-66a5217 elementor-widget elementor-widget-image\" data-id=\"66a5217\" data-element_type=\"widget\" data-e-type=\"widget\" data-widget_type=\"image.default\">\n\t\t\t\t<div class=\"elementor-widget-container\">\n\t\t\t\t\t\t\t\t\t\t\t\t\t\t\t<img decoding=\"async\" width=\"1024\" height=\"1024\" src=\"https:\/\/www.lasuite100love.com\/wp-content\/uploads\/2025\/02\/476780250_600817959408681_8998088169191561292_n-1-1024x1024.jpg\" class=\"attachment-large size-large wp-image-1306\" alt=\"\" srcset=\"https:\/\/www.lasuite100love.com\/wp-content\/uploads\/2025\/02\/476780250_600817959408681_8998088169191561292_n-1-1024x1024.jpg 1024w, https:\/\/www.lasuite100love.com\/wp-content\/uploads\/2025\/02\/476780250_600817959408681_8998088169191561292_n-1-300x300.jpg 300w, https:\/\/www.lasuite100love.com\/wp-content\/uploads\/2025\/02\/476780250_600817959408681_8998088169191561292_n-1-150x150.jpg 150w, https:\/\/www.lasuite100love.com\/wp-content\/uploads\/2025\/02\/476780250_600817959408681_8998088169191561292_n-1-768x768.jpg 768w, https:\/\/www.lasuite100love.com\/wp-content\/uploads\/2025\/02\/476780250_600817959408681_8998088169191561292_n-1-146x146.jpg 146w, https:\/\/www.lasuite100love.com\/wp-content\/uploads\/2025\/02\/476780250_600817959408681_8998088169191561292_n-1-50x50.jpg 50w, https:\/\/www.lasuite100love.com\/wp-content\/uploads\/2025\/02\/476780250_600817959408681_8998088169191561292_n-1-75x75.jpg 75w, https:\/\/www.lasuite100love.com\/wp-content\/uploads\/2025\/02\/476780250_600817959408681_8998088169191561292_n-1-85x85.jpg 85w, https:\/\/www.lasuite100love.com\/wp-content\/uploads\/2025\/02\/476780250_600817959408681_8998088169191561292_n-1-80x80.jpg 80w, https:\/\/www.lasuite100love.com\/wp-content\/uploads\/2025\/02\/476780250_600817959408681_8998088169191561292_n-1.jpg 1080w\" sizes=\"(max-width: 1024px) 100vw, 1024px\" \/>\t\t\t\t\t\t\t\t\t\t\t\t\t\t\t<\/div>\n\t\t\t\t<\/div>\n\t\t\t\t<\/div>\n\t\t<div class=\"elementor-element elementor-element-6d078a5 e-con-full e-flex e-con e-child\" data-id=\"6d078a5\" data-element_type=\"container\" data-e-type=\"container\">\n\t\t\t\t<\/div>\n\t\t\t\t\t<\/div>\n\t\t\t\t<\/div>\n\t\t\t\t<\/div>","protected":false},"excerpt":{"rendered":"<p>Concours B-Kind Concours 2025 Concours Saint-Valentin<\/p>","protected":false},"author":1,"featured_media":1137,"parent":0,"menu_order":0,"comment_status":"closed","ping_status":"closed","template":"","meta":{"footnotes":""},"class_list":["post-1338","page","type-page","status-publish","has-post-thumbnail","hentry"],"yoast_head":"<!-- This site is optimized with the Yoast SEO plugin v27.3 - https:\/\/yoast.com\/product\/yoast-seo-wordpress\/ -->\n<title>Concours - La suite 100% love<\/title>\n<meta name=\"description\" content=\"Participez \u00e0 nos concours exclusifs \u00e0 Magog avec La Suite 100 % Love. Gagnez des v\u00eatements seconde main et accessoires mode \u00e9coresponsables.\" \/>\n<meta name=\"robots\" content=\"index, follow, max-snippet:-1, max-image-preview:large, max-video-preview:-1\" \/>\n<link rel=\"canonical\" href=\"https:\/\/www.lasuite100love.com\/en\/concours\/\" \/>\n<meta property=\"og:locale\" content=\"en_US\" \/>\n<meta property=\"og:type\" content=\"article\" \/>\n<meta property=\"og:title\" content=\"Concours - La suite 100% love\" \/>\n<meta property=\"og:description\" content=\"Participez \u00e0 nos concours exclusifs \u00e0 Magog avec La Suite 100 % Love. Gagnez des v\u00eatements seconde main et accessoires mode \u00e9coresponsables.\" \/>\n<meta property=\"og:url\" content=\"https:\/\/www.lasuite100love.com\/en\/concours\/\" \/>\n<meta property=\"og:site_name\" content=\"La suite 100% love\" \/>\n<meta property=\"article:modified_time\" content=\"2025-09-05T18:22:53+00:00\" \/>\n<meta property=\"og:image\" content=\"https:\/\/www.lasuite100love.com\/wp-content\/uploads\/2025\/02\/slider.jpg\" \/>\n\t<meta property=\"og:image:width\" content=\"1440\" \/>\n\t<meta property=\"og:image:height\" content=\"810\" \/>\n\t<meta property=\"og:image:type\" content=\"image\/jpeg\" \/>\n<meta name=\"twitter:card\" content=\"summary_large_image\" \/>\n<meta name=\"twitter:label1\" content=\"Est. reading time\" \/>\n\t<meta name=\"twitter:data1\" content=\"1 minute\" \/>\n<script type=\"application\/ld+json\" class=\"yoast-schema-graph\">{\"@context\":\"https:\\\/\\\/schema.org\",\"@graph\":[{\"@type\":\"WebPage\",\"@id\":\"https:\\\/\\\/www.lasuite100love.com\\\/concours\\\/\",\"url\":\"https:\\\/\\\/www.lasuite100love.com\\\/concours\\\/\",\"name\":\"Concours - La suite 100% love\",\"isPartOf\":{\"@id\":\"https:\\\/\\\/www.lasuite100love.com\\\/#website\"},\"primaryImageOfPage\":{\"@id\":\"https:\\\/\\\/www.lasuite100love.com\\\/concours\\\/#primaryimage\"},\"image\":{\"@id\":\"https:\\\/\\\/www.lasuite100love.com\\\/concours\\\/#primaryimage\"},\"thumbnailUrl\":\"https:\\\/\\\/www.lasuite100love.com\\\/wp-content\\\/uploads\\\/2025\\\/02\\\/slider.jpg\",\"datePublished\":\"2025-02-20T13:17:17+00:00\",\"dateModified\":\"2025-09-05T18:22:53+00:00\",\"description\":\"Participez \u00e0 nos concours exclusifs \u00e0 Magog avec La Suite 100 % Love. Gagnez des v\u00eatements seconde main et accessoires mode \u00e9coresponsables.\",\"breadcrumb\":{\"@id\":\"https:\\\/\\\/www.lasuite100love.com\\\/concours\\\/#breadcrumb\"},\"inLanguage\":\"en-CA\",\"potentialAction\":[{\"@type\":\"ReadAction\",\"target\":[\"https:\\\/\\\/www.lasuite100love.com\\\/concours\\\/\"]}]},{\"@type\":\"ImageObject\",\"inLanguage\":\"en-CA\",\"@id\":\"https:\\\/\\\/www.lasuite100love.com\\\/concours\\\/#primaryimage\",\"url\":\"https:\\\/\\\/www.lasuite100love.com\\\/wp-content\\\/uploads\\\/2025\\\/02\\\/slider.jpg\",\"contentUrl\":\"https:\\\/\\\/www.lasuite100love.com\\\/wp-content\\\/uploads\\\/2025\\\/02\\\/slider.jpg\",\"width\":1440,\"height\":810},{\"@type\":\"BreadcrumbList\",\"@id\":\"https:\\\/\\\/www.lasuite100love.com\\\/concours\\\/#breadcrumb\",\"itemListElement\":[{\"@type\":\"ListItem\",\"position\":1,\"name\":\"Accueil\",\"item\":\"https:\\\/\\\/www.lasuite100love.com\\\/\"},{\"@type\":\"ListItem\",\"position\":2,\"name\":\"Concours\"}]},{\"@type\":\"WebSite\",\"@id\":\"https:\\\/\\\/www.lasuite100love.com\\\/#website\",\"url\":\"https:\\\/\\\/www.lasuite100love.com\\\/\",\"name\":\"La suite 100% love\",\"description\":\"Friperie de luxe\",\"potentialAction\":[{\"@type\":\"SearchAction\",\"target\":{\"@type\":\"EntryPoint\",\"urlTemplate\":\"https:\\\/\\\/www.lasuite100love.com\\\/?s={search_term_string}\"},\"query-input\":{\"@type\":\"PropertyValueSpecification\",\"valueRequired\":true,\"valueName\":\"search_term_string\"}}],\"inLanguage\":\"en-CA\"}]}<\/script>\n<!-- \/ Yoast SEO plugin. -->","yoast_head_json":{"title":"Concours - La suite 100% love","description":"Participez \u00e0 nos concours exclusifs \u00e0 Magog avec La Suite 100 % Love. Gagnez des v\u00eatements seconde main et accessoires mode \u00e9coresponsables.","robots":{"index":"index","follow":"follow","max-snippet":"max-snippet:-1","max-image-preview":"max-image-preview:large","max-video-preview":"max-video-preview:-1"},"canonical":"https:\/\/www.lasuite100love.com\/en\/concours\/","og_locale":"en_US","og_type":"article","og_title":"Concours - La suite 100% love","og_description":"Participez \u00e0 nos concours exclusifs \u00e0 Magog avec La Suite 100 % Love. Gagnez des v\u00eatements seconde main et accessoires mode \u00e9coresponsables.","og_url":"https:\/\/www.lasuite100love.com\/en\/concours\/","og_site_name":"La suite 100% love","article_modified_time":"2025-09-05T18:22:53+00:00","og_image":[{"width":1440,"height":810,"url":"https:\/\/www.lasuite100love.com\/wp-content\/uploads\/2025\/02\/slider.jpg","type":"image\/jpeg"}],"twitter_card":"summary_large_image","twitter_misc":{"Est. reading time":"1 minute"},"schema":{"@context":"https:\/\/schema.org","@graph":[{"@type":"WebPage","@id":"https:\/\/www.lasuite100love.com\/concours\/","url":"https:\/\/www.lasuite100love.com\/concours\/","name":"Concours - La suite 100% love","isPartOf":{"@id":"https:\/\/www.lasuite100love.com\/#website"},"primaryImageOfPage":{"@id":"https:\/\/www.lasuite100love.com\/concours\/#primaryimage"},"image":{"@id":"https:\/\/www.lasuite100love.com\/concours\/#primaryimage"},"thumbnailUrl":"https:\/\/www.lasuite100love.com\/wp-content\/uploads\/2025\/02\/slider.jpg","datePublished":"2025-02-20T13:17:17+00:00","dateModified":"2025-09-05T18:22:53+00:00","description":"Participez \u00e0 nos concours exclusifs \u00e0 Magog avec La Suite 100 % Love. Gagnez des v\u00eatements seconde main et accessoires mode \u00e9coresponsables.","breadcrumb":{"@id":"https:\/\/www.lasuite100love.com\/concours\/#breadcrumb"},"inLanguage":"en-CA","potentialAction":[{"@type":"ReadAction","target":["https:\/\/www.lasuite100love.com\/concours\/"]}]},{"@type":"ImageObject","inLanguage":"en-CA","@id":"https:\/\/www.lasuite100love.com\/concours\/#primaryimage","url":"https:\/\/www.lasuite100love.com\/wp-content\/uploads\/2025\/02\/slider.jpg","contentUrl":"https:\/\/www.lasuite100love.com\/wp-content\/uploads\/2025\/02\/slider.jpg","width":1440,"height":810},{"@type":"BreadcrumbList","@id":"https:\/\/www.lasuite100love.com\/concours\/#breadcrumb","itemListElement":[{"@type":"ListItem","position":1,"name":"Accueil","item":"https:\/\/www.lasuite100love.com\/"},{"@type":"ListItem","position":2,"name":"Concours"}]},{"@type":"WebSite","@id":"https:\/\/www.lasuite100love.com\/#website","url":"https:\/\/www.lasuite100love.com\/","name":"La suite 100% love","description":"Luxury thrift store","potentialAction":[{"@type":"SearchAction","target":{"@type":"EntryPoint","urlTemplate":"https:\/\/www.lasuite100love.com\/?s={search_term_string}"},"query-input":{"@type":"PropertyValueSpecification","valueRequired":true,"valueName":"search_term_string"}}],"inLanguage":"en-CA"}]}},"_links":{"self":[{"href":"https:\/\/www.lasuite100love.com\/en\/wp-json\/wp\/v2\/pages\/1338","targetHints":{"allow":["GET"]}}],"collection":[{"href":"https:\/\/www.lasuite100love.com\/en\/wp-json\/wp\/v2\/pages"}],"about":[{"href":"https:\/\/www.lasuite100love.com\/en\/wp-json\/wp\/v2\/types\/page"}],"author":[{"embeddable":true,"href":"https:\/\/www.lasuite100love.com\/en\/wp-json\/wp\/v2\/users\/1"}],"replies":[{"embeddable":true,"href":"https:\/\/www.lasuite100love.com\/en\/wp-json\/wp\/v2\/comments?post=1338"}],"version-history":[{"count":12,"href":"https:\/\/www.lasuite100love.com\/en\/wp-json\/wp\/v2\/pages\/1338\/revisions"}],"predecessor-version":[{"id":1459,"href":"https:\/\/www.lasuite100love.com\/en\/wp-json\/wp\/v2\/pages\/1338\/revisions\/1459"}],"wp:featuredmedia":[{"embeddable":true,"href":"https:\/\/www.lasuite100love.com\/en\/wp-json\/wp\/v2\/media\/1137"}],"wp:attachment":[{"href":"https:\/\/www.lasuite100love.com\/en\/wp-json\/wp\/v2\/media?parent=1338"}],"curies":[{"name":"wp","href":"https:\/\/api.w.org\/{rel}","templated":true}]}}