{"id":1444,"date":"2025-09-05T13:58:49","date_gmt":"2025-09-05T17:58:49","guid":{"rendered":"https:\/\/www.lasuite100love.com\/?page_id=1444"},"modified":"2025-09-06T16:57:46","modified_gmt":"2025-09-06T20:57:46","slug":"blog","status":"publish","type":"page","link":"https:\/\/www.lasuite100love.com\/en\/blog\/","title":{"rendered":"Blog"},"content":{"rendered":"\t\t<div data-elementor-type=\"wp-page\" data-elementor-id=\"1444\" class=\"elementor elementor-1444\" data-elementor-post-type=\"page\">\n\t\t\t\t<div class=\"elementor-element elementor-element-f4f6f58 e-flex e-con-boxed e-con e-parent\" data-id=\"f4f6f58\" data-element_type=\"container\" data-e-type=\"container\">\n\t\t\t\t\t<div class=\"e-con-inner\">\n\t\t\t\t<div class=\"elementor-element elementor-element-c00c4d4 elementor-widget elementor-widget-mfn_blog\" data-id=\"c00c4d4\" data-element_type=\"widget\" data-e-type=\"widget\" data-widget_type=\"mfn_blog.default\">\n\t\t\t\t<div class=\"elementor-widget-container\">\n\t\t\t\t\t<div class=\"column_filters\"><div class=\"blog_wrapper isotope_wrapper clearfix\"><div class=\"posts_group element_classes lm_wrapper col- classic\"><div class=\"post-item isotope-item clearfix post-1479 post type-post status-publish format-standard has-post-thumbnail hentry category-la-suite-100-love\" style=\"\"><div class=\"date_label\">18 November 2025<\/div><div class=\"image_frame post-photo-wrapper scale-with-grid image\"><div class=\"image_wrapper\"><a href=\"https:\/\/www.lasuite100love.com\/en\/mode-retro-et-vetements-vintage-a-magog-la-collection-unique-de-la-suite-100-love\/\"><div class=\"mask\"><\/div><img fetchpriority=\"high\" decoding=\"async\" width=\"960\" height=\"552\" src=\"https:\/\/www.lasuite100love.com\/wp-content\/uploads\/2025\/02\/45593389_636216270108684_2371950248185561088_n-960x552.jpg\" class=\"scale-with-grid wp-post-image\" alt=\"\" \/><\/a><div class=\"image_links double\"><a class=\"zoom \"  rel=\"prettyphoto\" href=\"https:\/\/www.lasuite100love.com\/wp-content\/uploads\/2025\/02\/45593389_636216270108684_2371950248185561088_n-1024x523.jpg\"><svg viewBox=\"0 0 26 26\"><defs><style>.path{fill:none;stroke:#333;stroke-miterlimit:10;stroke-width:1.5px;}<\/style><\/defs><circle cx=\"11.35\" cy=\"11.35\" r=\"6\" class=\"path\"><\/circle><line x1=\"15.59\" y1=\"15.59\" x2=\"20.65\" y2=\"20.65\" class=\"path\"><\/line><\/svg><\/a><a class=\"link \"  href=\"https:\/\/www.lasuite100love.com\/en\/mode-retro-et-vetements-vintage-a-magog-la-collection-unique-de-la-suite-100-love\/\"><svg viewBox=\"0 0 26 26\"><defs><style>.path{fill:none;stroke:#333;stroke-miterlimit:10;stroke-width:1.5px;}<\/style><\/defs><g><path d=\"M10.17,8.76l2.12-2.12a5,5,0,0,1,7.07,0h0a5,5,0,0,1,0,7.07l-2.12,2.12\" class=\"path\"><\/path><path d=\"M15.83,17.24l-2.12,2.12a5,5,0,0,1-7.07,0h0a5,5,0,0,1,0-7.07l2.12-2.12\" class=\"path\"><\/path><line x1=\"10.17\" y1=\"15.83\" x2=\"15.83\" y2=\"10.17\" class=\"path\"><\/line><\/g><\/svg><\/a><\/div><\/div><\/div><div class=\"post-desc-wrapper bg- has-custom-bg\" style=\"\"><div class=\"post-desc\"><div class=\"post-head\"><div class=\"post-meta clearfix\"><div class=\"author-date\"><span class=\"vcard author post-author\"><span class=\"label\">Publi\u00e9 par <\/span><i class=\"icon-user\" aria-label=\"author\"><\/i> <span class=\"fn\"><a href=\"https:\/\/www.lasuite100love.com\/en\/author\/admin\/\">La suite 100% Love<\/a><\/span><\/span> <span class=\"date\"><span class=\"label\">sur <\/span><i class=\"icon-clock\" aria-label=\"published\"><\/i> <span class=\"post-date updated\">18 November 2025<\/span><\/span><\/div><div class=\"category\"><span class=\"cat-btn\">Cat\u00e9gories <i class=\"icon-down-dir\" aria-hidden=\"true\"><\/i><\/span><div class=\"cat-wrapper\"><ul class=\"post-categories\">\n\t<li><a href=\"https:\/\/www.lasuite100love.com\/en\/category\/la-suite-100-love\/\" rel=\"category tag\">La suite 100% Love<\/a><\/li><\/ul><\/div><\/div><\/div><\/div><div class=\"post-title\"><h3 class=\"entry-title\" itemprop=\"headline\"><a href=\"https:\/\/www.lasuite100love.com\/en\/mode-retro-et-vetements-vintage-a-magog-la-collection-unique-de-la-suite-100-love\/\">Mode r\u00e9tro et v\u00eatements vintage \u00e0 Magog : la collection unique de La Suite 100 Love<\/a><\/h3><\/div><div class=\"post-excerpt\">Le vintage, un ph\u00e9nom\u00e8ne en pleine croissance \u00e0 Magog La mode vintage s\u00e9duit de plus en plus les habitants de Magog, attir\u00e9s par des v\u00eatements authentiques,<span class=\"excerpt-hellip\"> [\u2026]<\/span><\/div><div class=\"post-footer\"><div class=\"button-love\"><span class=\"love-text\">Avez-vous aim\u00e9?<\/span><a href=\"#\" class=\"mfn-love \" data-id=\"1479\"><span class=\"icons-wrapper\"><i class=\"icon-heart-empty-fa\" aria-label=\"loved\"><\/i><i class=\"icon-heart-fa\" aria-label=\"loved\"><\/i><\/span><span class=\"label\">0<\/span><\/a><\/div><div class=\"post-links\"><i class=\"icon-comment-empty-fa\" aria-label=\"number of comments\"><\/i> <a href=\"https:\/\/www.lasuite100love.com\/en\/mode-retro-et-vetements-vintage-a-magog-la-collection-unique-de-la-suite-100-love\/#respond\" class=\"post-comments\">0<\/a><i class=\"icon-doc-text\" aria-hidden=\"true\"><\/i> <a href=\"https:\/\/www.lasuite100love.com\/en\/mode-retro-et-vetements-vintage-a-magog-la-collection-unique-de-la-suite-100-love\/\" class=\"post-more\">Lire la suite<\/a><\/div><\/div><\/div><\/div><\/div><div class=\"post-item isotope-item clearfix post-1477 post type-post status-publish format-standard has-post-thumbnail hentry category-la-suite-100-love\" style=\"\"><div class=\"date_label\">18 November 2025<\/div><div class=\"image_frame post-photo-wrapper scale-with-grid image\"><div class=\"image_wrapper\"><a href=\"https:\/\/www.lasuite100love.com\/en\/vetements-vintage-magog-trouvez-des-pieces-uniques-chez-la-suite-100-love\/\"><div class=\"mask\"><\/div><img decoding=\"async\" width=\"960\" height=\"720\" src=\"https:\/\/www.lasuite100love.com\/wp-content\/uploads\/2025\/02\/278219453_487832536345285_2032317760495239856_n-960x720.jpg\" class=\"scale-with-grid wp-post-image\" alt=\"\" srcset=\"https:\/\/www.lasuite100love.com\/wp-content\/uploads\/2025\/02\/278219453_487832536345285_2032317760495239856_n-960x720.jpg 960w, https:\/\/www.lasuite100love.com\/wp-content\/uploads\/2025\/02\/278219453_487832536345285_2032317760495239856_n-300x225.jpg 300w, https:\/\/www.lasuite100love.com\/wp-content\/uploads\/2025\/02\/278219453_487832536345285_2032317760495239856_n-1024x768.jpg 1024w, https:\/\/www.lasuite100love.com\/wp-content\/uploads\/2025\/02\/278219453_487832536345285_2032317760495239856_n-768x576.jpg 768w, https:\/\/www.lasuite100love.com\/wp-content\/uploads\/2025\/02\/278219453_487832536345285_2032317760495239856_n-1536x1152.jpg 1536w, https:\/\/www.lasuite100love.com\/wp-content\/uploads\/2025\/02\/278219453_487832536345285_2032317760495239856_n-195x146.jpg 195w, https:\/\/www.lasuite100love.com\/wp-content\/uploads\/2025\/02\/278219453_487832536345285_2032317760495239856_n-50x38.jpg 50w, https:\/\/www.lasuite100love.com\/wp-content\/uploads\/2025\/02\/278219453_487832536345285_2032317760495239856_n-100x75.jpg 100w, https:\/\/www.lasuite100love.com\/wp-content\/uploads\/2025\/02\/278219453_487832536345285_2032317760495239856_n.jpg 2048w\" sizes=\"(max-width: 960px) 100vw, 960px\" \/><\/a><div class=\"image_links double\"><a class=\"zoom \"  rel=\"prettyphoto\" href=\"https:\/\/www.lasuite100love.com\/wp-content\/uploads\/2025\/02\/278219453_487832536345285_2032317760495239856_n-1024x768.jpg\"><svg viewBox=\"0 0 26 26\"><defs><style>.path{fill:none;stroke:#333;stroke-miterlimit:10;stroke-width:1.5px;}<\/style><\/defs><circle cx=\"11.35\" cy=\"11.35\" r=\"6\" class=\"path\"><\/circle><line x1=\"15.59\" y1=\"15.59\" x2=\"20.65\" y2=\"20.65\" class=\"path\"><\/line><\/svg><\/a><a class=\"link \"  href=\"https:\/\/www.lasuite100love.com\/en\/vetements-vintage-magog-trouvez-des-pieces-uniques-chez-la-suite-100-love\/\"><svg viewBox=\"0 0 26 26\"><defs><style>.path{fill:none;stroke:#333;stroke-miterlimit:10;stroke-width:1.5px;}<\/style><\/defs><g><path d=\"M10.17,8.76l2.12-2.12a5,5,0,0,1,7.07,0h0a5,5,0,0,1,0,7.07l-2.12,2.12\" class=\"path\"><\/path><path d=\"M15.83,17.24l-2.12,2.12a5,5,0,0,1-7.07,0h0a5,5,0,0,1,0-7.07l2.12-2.12\" class=\"path\"><\/path><line x1=\"10.17\" y1=\"15.83\" x2=\"15.83\" y2=\"10.17\" class=\"path\"><\/line><\/g><\/svg><\/a><\/div><\/div><\/div><div class=\"post-desc-wrapper bg- has-custom-bg\" style=\"\"><div class=\"post-desc\"><div class=\"post-head\"><div class=\"post-meta clearfix\"><div class=\"author-date\"><span class=\"vcard author post-author\"><span class=\"label\">Publi\u00e9 par <\/span><i class=\"icon-user\" aria-label=\"author\"><\/i> <span class=\"fn\"><a href=\"https:\/\/www.lasuite100love.com\/en\/author\/admin\/\">La suite 100% Love<\/a><\/span><\/span> <span class=\"date\"><span class=\"label\">sur <\/span><i class=\"icon-clock\" aria-label=\"published\"><\/i> <span class=\"post-date updated\">18 November 2025<\/span><\/span><\/div><div class=\"category\"><span class=\"cat-btn\">Cat\u00e9gories <i class=\"icon-down-dir\" aria-hidden=\"true\"><\/i><\/span><div class=\"cat-wrapper\"><ul class=\"post-categories\">\n\t<li><a href=\"https:\/\/www.lasuite100love.com\/en\/category\/la-suite-100-love\/\" rel=\"category tag\">La suite 100% Love<\/a><\/li><\/ul><\/div><\/div><\/div><\/div><div class=\"post-title\"><h3 class=\"entry-title\" itemprop=\"headline\"><a href=\"https:\/\/www.lasuite100love.com\/en\/vetements-vintage-magog-trouvez-des-pieces-uniques-chez-la-suite-100-love\/\">V\u00eatements vintage Magog : trouvez des pi\u00e8ces uniques chez La Suite 100 Love<\/a><\/h3><\/div><div class=\"post-excerpt\">O\u00f9 trouver des v\u00eatements vintage \u00e0 Magog ? Magog regorge de passionn\u00e9s de mode r\u00e9tro, mais La Suite 100 Love est LA r\u00e9f\u00e9rence pour d\u00e9nicher de<span class=\"excerpt-hellip\"> [\u2026]<\/span><\/div><div class=\"post-footer\"><div class=\"button-love\"><span class=\"love-text\">Avez-vous aim\u00e9?<\/span><a href=\"#\" class=\"mfn-love \" data-id=\"1477\"><span class=\"icons-wrapper\"><i class=\"icon-heart-empty-fa\" aria-label=\"loved\"><\/i><i class=\"icon-heart-fa\" aria-label=\"loved\"><\/i><\/span><span class=\"label\">0<\/span><\/a><\/div><div class=\"post-links\"><i class=\"icon-comment-empty-fa\" aria-label=\"number of comments\"><\/i> <a href=\"https:\/\/www.lasuite100love.com\/en\/vetements-vintage-magog-trouvez-des-pieces-uniques-chez-la-suite-100-love\/#respond\" class=\"post-comments\">0<\/a><i class=\"icon-doc-text\" aria-hidden=\"true\"><\/i> <a href=\"https:\/\/www.lasuite100love.com\/en\/vetements-vintage-magog-trouvez-des-pieces-uniques-chez-la-suite-100-love\/\" class=\"post-more\">Lire la suite<\/a><\/div><\/div><\/div><\/div><\/div><div class=\"post-item isotope-item clearfix post-1475 post type-post status-publish format-standard has-post-thumbnail hentry category-la-suite-100-love\" style=\"\"><div class=\"date_label\">18 November 2025<\/div><div class=\"image_frame post-photo-wrapper scale-with-grid image\"><div class=\"image_wrapper\"><a href=\"https:\/\/www.lasuite100love.com\/en\/boutique-ecoresponsable-magog-la-suite-100-love-votre-destination-mode-durable\/\"><div class=\"mask\"><\/div><img decoding=\"async\" width=\"960\" height=\"720\" src=\"https:\/\/www.lasuite100love.com\/wp-content\/uploads\/2025\/02\/459313377_2063816077348689_5818097037834969218_n-960x720.jpg\" class=\"scale-with-grid wp-post-image\" alt=\"\" \/><\/a><div class=\"image_links double\"><a class=\"zoom \"  rel=\"prettyphoto\" href=\"https:\/\/www.lasuite100love.com\/wp-content\/uploads\/2025\/02\/459313377_2063816077348689_5818097037834969218_n-1024x576.jpg\"><svg viewBox=\"0 0 26 26\"><defs><style>.path{fill:none;stroke:#333;stroke-miterlimit:10;stroke-width:1.5px;}<\/style><\/defs><circle cx=\"11.35\" cy=\"11.35\" r=\"6\" class=\"path\"><\/circle><line x1=\"15.59\" y1=\"15.59\" x2=\"20.65\" y2=\"20.65\" class=\"path\"><\/line><\/svg><\/a><a class=\"link \"  href=\"https:\/\/www.lasuite100love.com\/en\/boutique-ecoresponsable-magog-la-suite-100-love-votre-destination-mode-durable\/\"><svg viewBox=\"0 0 26 26\"><defs><style>.path{fill:none;stroke:#333;stroke-miterlimit:10;stroke-width:1.5px;}<\/style><\/defs><g><path d=\"M10.17,8.76l2.12-2.12a5,5,0,0,1,7.07,0h0a5,5,0,0,1,0,7.07l-2.12,2.12\" class=\"path\"><\/path><path d=\"M15.83,17.24l-2.12,2.12a5,5,0,0,1-7.07,0h0a5,5,0,0,1,0-7.07l2.12-2.12\" class=\"path\"><\/path><line x1=\"10.17\" y1=\"15.83\" x2=\"15.83\" y2=\"10.17\" class=\"path\"><\/line><\/g><\/svg><\/a><\/div><\/div><\/div><div class=\"post-desc-wrapper bg- has-custom-bg\" style=\"\"><div class=\"post-desc\"><div class=\"post-head\"><div class=\"post-meta clearfix\"><div class=\"author-date\"><span class=\"vcard author post-author\"><span class=\"label\">Publi\u00e9 par <\/span><i class=\"icon-user\" aria-label=\"published\"0><\/i> <span class=\"fn\"><a href=\"https:\/\/www.lasuite100love.com\/en\/author\/admin\/\">La suite 100% Love<\/a><\/span><\/span> <span class=\"date\"><span class=\"label\">sur <\/span><i class=\"icon-clock\" aria-label=\"published\"1><\/i> <span class=\"post-date updated\">18 November 2025<\/span><\/span><\/div><div class=\"category\"><span class=\"cat-btn\">Cat\u00e9gories <i class=\"icon-down-dir\" aria-hidden=\"true\"><\/i><\/span><div class=\"cat-wrapper\"><ul class=\"post-categories\">\n\t<li><a href=\"https:\/\/www.lasuite100love.com\/en\/category\/la-suite-100-love\/\" rel=\"category tag\">La suite 100% Love<\/a><\/li><\/ul><\/div><\/div><\/div><\/div><div class=\"post-title\"><h3 class=\"entry-title\" itemprop=\"headline\"><a href=\"https:\/\/www.lasuite100love.com\/en\/boutique-ecoresponsable-magog-la-suite-100-love-votre-destination-mode-durable\/\">Boutique \u00e9coresponsable Magog : La Suite 100 Love, votre destination mode durable<\/a><\/h3><\/div><div class=\"post-excerpt\">Une boutique \u00e9coresponsable au c\u0153ur de Magog La Suite 100 Love n\u2019est pas une simple friperie : c\u2019est une boutique \u00e9coresponsable engag\u00e9e dans la r\u00e9duction des<span class=\"excerpt-hellip\"> [\u2026]<\/span><\/div><div class=\"post-footer\"><div class=\"button-love\"><span class=\"love-text\">Avez-vous aim\u00e9?<\/span><a href=\"#\" class=\"mfn-love \" data-id=\"1475\"><span class=\"icons-wrapper\"><i class=\"icon-heart-empty-fa\" aria-label=\"published\"2><\/i><i class=\"icon-heart-fa\" aria-label=\"published\"3><\/i><\/span><span class=\"label\">0<\/span><\/a><\/div><div class=\"post-links\"><i class=\"icon-comment-empty-fa\" aria-label=\"published\"4><\/i> <a href=\"https:\/\/www.lasuite100love.com\/en\/boutique-ecoresponsable-magog-la-suite-100-love-votre-destination-mode-durable\/#respond\" class=\"post-comments\">0<\/a><i class=\"icon-doc-text\" aria-hidden=\"true\"><\/i> <a href=\"https:\/\/www.lasuite100love.com\/en\/boutique-ecoresponsable-magog-la-suite-100-love-votre-destination-mode-durable\/\" class=\"post-more\">Lire la suite<\/a><\/div><\/div><\/div><\/div><\/div><\/div><\/div>\n<\/div>\n\t\t\t\t<\/div>\n\t\t\t\t<\/div>\n\t\t\t\t\t<\/div>\n\t\t\t\t<\/div>\n\t\t\t\t<\/div>\n\t\t","protected":false},"excerpt":{"rendered":"<p>5 septembre 2025Publi\u00e9 par La suite 100% Love sur 5 septembre 2025Cat\u00e9gories La suite 100% Love Guide shopping \u00e0 Magog : d\u00e9couvrez des boutiques \u00e9coresponsables locales<span class=\"excerpt-hellip\"> [\u2026]<\/span><\/p>\n","protected":false},"author":1,"featured_media":0,"parent":0,"menu_order":0,"comment_status":"closed","ping_status":"closed","template":"","meta":{"footnotes":""},"class_list":["post-1444","page","type-page","status-publish","hentry"],"yoast_head":"<!-- This site is optimized with the Yoast SEO plugin v27.3 - https:\/\/yoast.com\/product\/yoast-seo-wordpress\/ -->\n<title>Blog - La suite 100% love<\/title>\n<meta name=\"robots\" content=\"index, follow, max-snippet:-1, max-image-preview:large, max-video-preview:-1\" \/>\n<link rel=\"canonical\" href=\"https:\/\/www.lasuite100love.com\/en\/blog\/\" \/>\n<meta property=\"og:locale\" content=\"en_US\" \/>\n<meta property=\"og:type\" content=\"article\" \/>\n<meta property=\"og:title\" content=\"Blog - La suite 100% love\" \/>\n<meta property=\"og:description\" content=\"5 septembre 2025Publi\u00e9 par La suite 100% Love sur 5 septembre 2025Cat\u00e9gories La suite 100% Love Guide shopping \u00e0 Magog : d\u00e9couvrez des boutiques \u00e9coresponsables locales [\u2026]\" \/>\n<meta property=\"og:url\" content=\"https:\/\/www.lasuite100love.com\/en\/blog\/\" \/>\n<meta property=\"og:site_name\" content=\"La suite 100% love\" \/>\n<meta property=\"article:modified_time\" content=\"2025-09-06T20:57:46+00:00\" \/>\n<meta name=\"twitter:card\" content=\"summary_large_image\" \/>\n<meta name=\"twitter:label1\" content=\"Est. reading time\" \/>\n\t<meta name=\"twitter:data1\" content=\"3 minutes\" \/>\n<script type=\"application\/ld+json\" class=\"yoast-schema-graph\">{\"@context\":\"https:\\\/\\\/schema.org\",\"@graph\":[{\"@type\":\"WebPage\",\"@id\":\"https:\\\/\\\/www.lasuite100love.com\\\/blog\\\/\",\"url\":\"https:\\\/\\\/www.lasuite100love.com\\\/blog\\\/\",\"name\":\"Blog - La suite 100% love\",\"isPartOf\":{\"@id\":\"https:\\\/\\\/www.lasuite100love.com\\\/#website\"},\"datePublished\":\"2025-09-05T17:58:49+00:00\",\"dateModified\":\"2025-09-06T20:57:46+00:00\",\"breadcrumb\":{\"@id\":\"https:\\\/\\\/www.lasuite100love.com\\\/blog\\\/#breadcrumb\"},\"inLanguage\":\"en-CA\",\"potentialAction\":[{\"@type\":\"ReadAction\",\"target\":[\"https:\\\/\\\/www.lasuite100love.com\\\/blog\\\/\"]}]},{\"@type\":\"BreadcrumbList\",\"@id\":\"https:\\\/\\\/www.lasuite100love.com\\\/blog\\\/#breadcrumb\",\"itemListElement\":[{\"@type\":\"ListItem\",\"position\":1,\"name\":\"Accueil\",\"item\":\"https:\\\/\\\/www.lasuite100love.com\\\/\"},{\"@type\":\"ListItem\",\"position\":2,\"name\":\"Blog\"}]},{\"@type\":\"WebSite\",\"@id\":\"https:\\\/\\\/www.lasuite100love.com\\\/#website\",\"url\":\"https:\\\/\\\/www.lasuite100love.com\\\/\",\"name\":\"La suite 100% love\",\"description\":\"Friperie de luxe\",\"potentialAction\":[{\"@type\":\"SearchAction\",\"target\":{\"@type\":\"EntryPoint\",\"urlTemplate\":\"https:\\\/\\\/www.lasuite100love.com\\\/?s={search_term_string}\"},\"query-input\":{\"@type\":\"PropertyValueSpecification\",\"valueRequired\":true,\"valueName\":\"search_term_string\"}}],\"inLanguage\":\"en-CA\"}]}<\/script>\n<!-- \/ Yoast SEO plugin. -->","yoast_head_json":{"title":"Blog - La suite 100% love","robots":{"index":"index","follow":"follow","max-snippet":"max-snippet:-1","max-image-preview":"max-image-preview:large","max-video-preview":"max-video-preview:-1"},"canonical":"https:\/\/www.lasuite100love.com\/en\/blog\/","og_locale":"en_US","og_type":"article","og_title":"Blog - La suite 100% love","og_description":"5 septembre 2025Publi\u00e9 par La suite 100% Love sur 5 septembre 2025Cat\u00e9gories La suite 100% Love Guide shopping \u00e0 Magog : d\u00e9couvrez des boutiques \u00e9coresponsables locales [\u2026]","og_url":"https:\/\/www.lasuite100love.com\/en\/blog\/","og_site_name":"La suite 100% love","article_modified_time":"2025-09-06T20:57:46+00:00","twitter_card":"summary_large_image","twitter_misc":{"Est. reading time":"3 minutes"},"schema":{"@context":"https:\/\/schema.org","@graph":[{"@type":"WebPage","@id":"https:\/\/www.lasuite100love.com\/blog\/","url":"https:\/\/www.lasuite100love.com\/blog\/","name":"Blog - La suite 100% love","isPartOf":{"@id":"https:\/\/www.lasuite100love.com\/#website"},"datePublished":"2025-09-05T17:58:49+00:00","dateModified":"2025-09-06T20:57:46+00:00","breadcrumb":{"@id":"https:\/\/www.lasuite100love.com\/blog\/#breadcrumb"},"inLanguage":"en-CA","potentialAction":[{"@type":"ReadAction","target":["https:\/\/www.lasuite100love.com\/blog\/"]}]},{"@type":"BreadcrumbList","@id":"https:\/\/www.lasuite100love.com\/blog\/#breadcrumb","itemListElement":[{"@type":"ListItem","position":1,"name":"Accueil","item":"https:\/\/www.lasuite100love.com\/"},{"@type":"ListItem","position":2,"name":"Blog"}]},{"@type":"WebSite","@id":"https:\/\/www.lasuite100love.com\/#website","url":"https:\/\/www.lasuite100love.com\/","name":"La suite 100% love","description":"Luxury thrift store","potentialAction":[{"@type":"SearchAction","target":{"@type":"EntryPoint","urlTemplate":"https:\/\/www.lasuite100love.com\/?s={search_term_string}"},"query-input":{"@type":"PropertyValueSpecification","valueRequired":true,"valueName":"search_term_string"}}],"inLanguage":"en-CA"}]}},"_links":{"self":[{"href":"https:\/\/www.lasuite100love.com\/en\/wp-json\/wp\/v2\/pages\/1444","targetHints":{"allow":["GET"]}}],"collection":[{"href":"https:\/\/www.lasuite100love.com\/en\/wp-json\/wp\/v2\/pages"}],"about":[{"href":"https:\/\/www.lasuite100love.com\/en\/wp-json\/wp\/v2\/types\/page"}],"author":[{"embeddable":true,"href":"https:\/\/www.lasuite100love.com\/en\/wp-json\/wp\/v2\/users\/1"}],"replies":[{"embeddable":true,"href":"https:\/\/www.lasuite100love.com\/en\/wp-json\/wp\/v2\/comments?post=1444"}],"version-history":[{"count":5,"href":"https:\/\/www.lasuite100love.com\/en\/wp-json\/wp\/v2\/pages\/1444\/revisions"}],"predecessor-version":[{"id":1471,"href":"https:\/\/www.lasuite100love.com\/en\/wp-json\/wp\/v2\/pages\/1444\/revisions\/1471"}],"wp:attachment":[{"href":"https:\/\/www.lasuite100love.com\/en\/wp-json\/wp\/v2\/media?parent=1444"}],"curies":[{"name":"wp","href":"https:\/\/api.w.org\/{rel}","templated":true}]}}