{"id":1450,"date":"2025-09-05T14:05:34","date_gmt":"2025-09-05T18:05:34","guid":{"rendered":"https:\/\/www.lasuite100love.com\/?page_id=1450"},"modified":"2025-09-05T14:24:54","modified_gmt":"2025-09-05T18:24:54","slug":"faq","status":"publish","type":"page","link":"https:\/\/www.lasuite100love.com\/en\/faq\/","title":{"rendered":"Faq"},"content":{"rendered":"<div data-elementor-type=\"wp-page\" data-elementor-id=\"1450\" class=\"elementor elementor-1450\" data-elementor-post-type=\"page\">\n\t\t\t\t<div class=\"elementor-element elementor-element-e07214d e-flex e-con-boxed e-con e-parent\" data-id=\"e07214d\" data-element_type=\"container\" data-e-type=\"container\">\n\t\t\t\t\t<div class=\"e-con-inner\">\n\t\t\t\t<div class=\"elementor-element elementor-element-ac8cba4 elementor-widget elementor-widget-text-editor\" data-id=\"ac8cba4\" data-element_type=\"widget\" data-e-type=\"widget\" data-widget_type=\"text-editor.default\">\n\t\t\t\t<div class=\"elementor-widget-container\">\n\t\t\t\t\t\t\t\t\t<h2>La Foire aux questions<\/h2>\t\t\t\t\t\t\t\t<\/div>\n\t\t\t\t<\/div>\n\t\t\t\t\t<\/div>\n\t\t\t\t<\/div>\n\t\t<div class=\"elementor-element elementor-element-7bc380b e-flex e-con-boxed e-con e-parent\" data-id=\"7bc380b\" data-element_type=\"container\" data-e-type=\"container\">\n\t\t\t\t\t<div class=\"e-con-inner\">\n\t\t\t\t<div class=\"elementor-element elementor-element-84dd0aa elementor-widget elementor-widget-mfn_faq\" data-id=\"84dd0aa\" data-element_type=\"widget\" data-e-type=\"widget\" data-widget_type=\"mfn_faq.default\">\n\t\t\t\t<div class=\"elementor-widget-container\">\n\t\t\t\t\t<div class=\"faq\"><div class=\"mfn-acc faq_wrapper\"><div class=\"question\" tabindex=\"0\" role=\"link\"><div class=\"title\"><span class=\"num\">1<\/span><i class=\"icon-plus acc-icon-plus\" aria-hidden=\"true\"><\/i><i class=\"icon-minus acc-icon-minus\" aria-hidden=\"true\"><\/i>What is The 100% Love Suite?<\/div><div class=\"answer\"><p>A <strong data-start=\"5013\" data-end=\"5056\">luxury eco-friendly thrift store in Magog<\/strong> offering second-hand clothing, ethical new pieces and fashion accessories.<\/p><\/div><\/div>\n<div class=\"question\" tabindex=\"0\" role=\"link\"><div class=\"title\"><span class=\"num\">2<\/span><i class=\"icon-plus acc-icon-plus\" aria-hidden=\"true\"><\/i><i class=\"icon-minus acc-icon-minus\" aria-hidden=\"true\"><\/i>Where are you located?<\/div><div class=\"answer\"><p>In the heart of <strong data-start=\"5189\" data-end=\"5198\">Magog<\/strong>, close to local shops and attractions.<\/p><\/div><\/div>\n<div class=\"question\" tabindex=\"0\" role=\"link\"><div class=\"title\"><span class=\"num\">3<\/span><i class=\"icon-plus acc-icon-plus\" aria-hidden=\"true\"><\/i><i class=\"icon-minus acc-icon-minus\" aria-hidden=\"true\"><\/i>Do your collections change often?<\/div><div class=\"answer\"><p>Yes! Our selections are updated regularly to always offer unique finds.<\/p><\/div><\/div>\n<div class=\"question\" tabindex=\"0\" role=\"link\"><div class=\"title\"><span class=\"num\">4<\/span><i class=\"icon-plus acc-icon-plus\" aria-hidden=\"true\"><\/i><i class=\"icon-minus acc-icon-minus\" aria-hidden=\"true\"><\/i>What are your core values?<\/div><div class=\"answer\"><p>Sustainability, responsible consumption, style, and love for the local community.<\/p><\/div><\/div>\n<div class=\"question\" tabindex=\"0\" role=\"link\"><div class=\"title\"><span class=\"num\">5<\/span><i class=\"icon-plus acc-icon-plus\" aria-hidden=\"true\"><\/i><i class=\"icon-minus acc-icon-minus\" aria-hidden=\"true\"><\/i>Do you do events?<\/div><div class=\"answer\"><p>Yes, follow our blog and social media to be informed of our upcoming workshops and collaborations.<\/p><\/div><\/div>\n<\/div><\/div>\n\t\t\t\t<\/div>\n\t\t\t\t<\/div>\n\t\t\t\t\t<\/div>\n\t\t\t\t<\/div>\n\t\t\t\t<\/div>","protected":false},"excerpt":{"rendered":"<p>La Foire aux questions 1Qu\u2019est-ce que La Suite 100 % Love ? Une friperie \u00e9coresponsable de luxe \u00e0 Magog proposant v\u00eatements seconde main, pi\u00e8ces neuves \u00e9thiques<span class=\"excerpt-hellip\"> [\u2026]<\/span><\/p>\n","protected":false},"author":1,"featured_media":0,"parent":0,"menu_order":0,"comment_status":"closed","ping_status":"closed","template":"","meta":{"footnotes":""},"class_list":["post-1450","page","type-page","status-publish","hentry"],"yoast_head":"<!-- This site is optimized with the Yoast SEO plugin v27.3 - https:\/\/yoast.com\/product\/yoast-seo-wordpress\/ -->\n<title>Faq - La suite 100% love<\/title>\n<meta name=\"description\" content=\"FAQ de La Suite 100 % Love : r\u00e9ponses \u00e0 vos questions sur notre friperie \u00e9coresponsable de Magog. Livraison, retours, nouveaut\u00e9s et \u00e9v\u00e9nements.\" \/>\n<meta name=\"robots\" content=\"index, follow, max-snippet:-1, max-image-preview:large, max-video-preview:-1\" \/>\n<link rel=\"canonical\" href=\"https:\/\/www.lasuite100love.com\/en\/faq\/\" \/>\n<meta property=\"og:locale\" content=\"en_US\" \/>\n<meta property=\"og:type\" content=\"article\" \/>\n<meta property=\"og:title\" content=\"Faq - La suite 100% love\" \/>\n<meta property=\"og:description\" content=\"FAQ de La Suite 100 % Love : r\u00e9ponses \u00e0 vos questions sur notre friperie \u00e9coresponsable de Magog. Livraison, retours, nouveaut\u00e9s et \u00e9v\u00e9nements.\" \/>\n<meta property=\"og:url\" content=\"https:\/\/www.lasuite100love.com\/en\/faq\/\" \/>\n<meta property=\"og:site_name\" content=\"La suite 100% love\" \/>\n<meta property=\"article:modified_time\" content=\"2025-09-05T18:24:54+00:00\" \/>\n<meta name=\"twitter:card\" content=\"summary_large_image\" \/>\n<meta name=\"twitter:label1\" content=\"Est. reading time\" \/>\n\t<meta name=\"twitter:data1\" content=\"1 minute\" \/>\n<script type=\"application\/ld+json\" class=\"yoast-schema-graph\">{\"@context\":\"https:\\\/\\\/schema.org\",\"@graph\":[{\"@type\":\"WebPage\",\"@id\":\"https:\\\/\\\/www.lasuite100love.com\\\/faq\\\/\",\"url\":\"https:\\\/\\\/www.lasuite100love.com\\\/faq\\\/\",\"name\":\"Faq - La suite 100% love\",\"isPartOf\":{\"@id\":\"https:\\\/\\\/www.lasuite100love.com\\\/#website\"},\"datePublished\":\"2025-09-05T18:05:34+00:00\",\"dateModified\":\"2025-09-05T18:24:54+00:00\",\"description\":\"FAQ de La Suite 100 % Love : r\u00e9ponses \u00e0 vos questions sur notre friperie \u00e9coresponsable de Magog. Livraison, retours, nouveaut\u00e9s et \u00e9v\u00e9nements.\",\"breadcrumb\":{\"@id\":\"https:\\\/\\\/www.lasuite100love.com\\\/faq\\\/#breadcrumb\"},\"inLanguage\":\"en-CA\",\"potentialAction\":[{\"@type\":\"ReadAction\",\"target\":[\"https:\\\/\\\/www.lasuite100love.com\\\/faq\\\/\"]}]},{\"@type\":\"BreadcrumbList\",\"@id\":\"https:\\\/\\\/www.lasuite100love.com\\\/faq\\\/#breadcrumb\",\"itemListElement\":[{\"@type\":\"ListItem\",\"position\":1,\"name\":\"Accueil\",\"item\":\"https:\\\/\\\/www.lasuite100love.com\\\/\"},{\"@type\":\"ListItem\",\"position\":2,\"name\":\"Faq\"}]},{\"@type\":\"WebSite\",\"@id\":\"https:\\\/\\\/www.lasuite100love.com\\\/#website\",\"url\":\"https:\\\/\\\/www.lasuite100love.com\\\/\",\"name\":\"La suite 100% love\",\"description\":\"Friperie de luxe\",\"potentialAction\":[{\"@type\":\"SearchAction\",\"target\":{\"@type\":\"EntryPoint\",\"urlTemplate\":\"https:\\\/\\\/www.lasuite100love.com\\\/?s={search_term_string}\"},\"query-input\":{\"@type\":\"PropertyValueSpecification\",\"valueRequired\":true,\"valueName\":\"search_term_string\"}}],\"inLanguage\":\"en-CA\"}]}<\/script>\n<!-- \/ Yoast SEO plugin. -->","yoast_head_json":{"title":"Faq - La suite 100% love","description":"FAQ de La Suite 100 % Love : r\u00e9ponses \u00e0 vos questions sur notre friperie \u00e9coresponsable de Magog. Livraison, retours, nouveaut\u00e9s et \u00e9v\u00e9nements.","robots":{"index":"index","follow":"follow","max-snippet":"max-snippet:-1","max-image-preview":"max-image-preview:large","max-video-preview":"max-video-preview:-1"},"canonical":"https:\/\/www.lasuite100love.com\/en\/faq\/","og_locale":"en_US","og_type":"article","og_title":"Faq - La suite 100% love","og_description":"FAQ de La Suite 100 % Love : r\u00e9ponses \u00e0 vos questions sur notre friperie \u00e9coresponsable de Magog. Livraison, retours, nouveaut\u00e9s et \u00e9v\u00e9nements.","og_url":"https:\/\/www.lasuite100love.com\/en\/faq\/","og_site_name":"La suite 100% love","article_modified_time":"2025-09-05T18:24:54+00:00","twitter_card":"summary_large_image","twitter_misc":{"Est. reading time":"1 minute"},"schema":{"@context":"https:\/\/schema.org","@graph":[{"@type":"WebPage","@id":"https:\/\/www.lasuite100love.com\/faq\/","url":"https:\/\/www.lasuite100love.com\/faq\/","name":"Faq - La suite 100% love","isPartOf":{"@id":"https:\/\/www.lasuite100love.com\/#website"},"datePublished":"2025-09-05T18:05:34+00:00","dateModified":"2025-09-05T18:24:54+00:00","description":"FAQ de La Suite 100 % Love : r\u00e9ponses \u00e0 vos questions sur notre friperie \u00e9coresponsable de Magog. Livraison, retours, nouveaut\u00e9s et \u00e9v\u00e9nements.","breadcrumb":{"@id":"https:\/\/www.lasuite100love.com\/faq\/#breadcrumb"},"inLanguage":"en-CA","potentialAction":[{"@type":"ReadAction","target":["https:\/\/www.lasuite100love.com\/faq\/"]}]},{"@type":"BreadcrumbList","@id":"https:\/\/www.lasuite100love.com\/faq\/#breadcrumb","itemListElement":[{"@type":"ListItem","position":1,"name":"Accueil","item":"https:\/\/www.lasuite100love.com\/"},{"@type":"ListItem","position":2,"name":"Faq"}]},{"@type":"WebSite","@id":"https:\/\/www.lasuite100love.com\/#website","url":"https:\/\/www.lasuite100love.com\/","name":"La suite 100% love","description":"Luxury thrift store","potentialAction":[{"@type":"SearchAction","target":{"@type":"EntryPoint","urlTemplate":"https:\/\/www.lasuite100love.com\/?s={search_term_string}"},"query-input":{"@type":"PropertyValueSpecification","valueRequired":true,"valueName":"search_term_string"}}],"inLanguage":"en-CA"}]}},"_links":{"self":[{"href":"https:\/\/www.lasuite100love.com\/en\/wp-json\/wp\/v2\/pages\/1450","targetHints":{"allow":["GET"]}}],"collection":[{"href":"https:\/\/www.lasuite100love.com\/en\/wp-json\/wp\/v2\/pages"}],"about":[{"href":"https:\/\/www.lasuite100love.com\/en\/wp-json\/wp\/v2\/types\/page"}],"author":[{"embeddable":true,"href":"https:\/\/www.lasuite100love.com\/en\/wp-json\/wp\/v2\/users\/1"}],"replies":[{"embeddable":true,"href":"https:\/\/www.lasuite100love.com\/en\/wp-json\/wp\/v2\/comments?post=1450"}],"version-history":[{"count":5,"href":"https:\/\/www.lasuite100love.com\/en\/wp-json\/wp\/v2\/pages\/1450\/revisions"}],"predecessor-version":[{"id":1462,"href":"https:\/\/www.lasuite100love.com\/en\/wp-json\/wp\/v2\/pages\/1450\/revisions\/1462"}],"wp:attachment":[{"href":"https:\/\/www.lasuite100love.com\/en\/wp-json\/wp\/v2\/media?parent=1450"}],"curies":[{"name":"wp","href":"https:\/\/api.w.org\/{rel}","templated":true}]}}